{"id":10450,"date":"2021-04-19T08:58:53","date_gmt":"2021-04-19T08:58:53","guid":{"rendered":"https:\/\/libellebridal.com\/?post_type=product&#038;p=10450"},"modified":"2025-07-03T13:26:59","modified_gmt":"2025-07-03T13:26:59","slug":"generosa","status":"publish","type":"product","link":"https:\/\/libellebridal.com\/fr\/wedding-dress\/generosa\/","title":{"rendered":"G\u00e9n\u00e9ralit\u00e9s"},"content":{"rendered":"","protected":false},"excerpt":{"rendered":"<p><strong>DESCRIPTION<br \/>\n<\/strong><span style=\"font-weight: 400;\">Generosa capture la modernit\u00e9 dans sa silhouette \u00e9l\u00e9gante.<br \/>\nCette robe est \u00e9l\u00e9gante gr\u00e2ce \u00e0 sa douce simplicit\u00e9. Elle est rehauss\u00e9e d'une fente s\u00e9duisante au niveau des jambes, d'une ceinture subtile \u00e0 la taille et d'un d\u00e9collet\u00e9 sophistiqu\u00e9 avec une d\u00e9coupe originale.<\/span><\/p>\n<p><strong>COULEURS DISPONIBLES<\/strong><br \/>\nIvoire<\/p>\n<figure class=\"wp-block-embed wp-block-embed-youtube is-type-video is-provider-youtube epyt-figure\">\n<div class=\"wp-block-embed__wrapper\">\n<div class=\"epyt-video-wrapper\"><iframe  id=\"_ytid_56633\"  width=\"800\" height=\"450\"  data-origwidth=\"800\" data-origheight=\"450\" src=\"https:\/\/www.youtube.com\/embed\/aWuyxBPya0Q?enablejsapi=1&#038;autoplay=0&#038;cc_load_policy=0&#038;cc_lang_pref=&#038;iv_load_policy=3&#038;loop=1&#038;playlist=aWuyxBPya0Q&#038;rel=0&#038;fs=1&#038;playsinline=0&#038;autohide=2&#038;theme=dark&#038;color=red&#038;controls=0&#038;disablekb=0&#038;\" class=\"__youtube_prefs__  no-lazyload\" title=\"Lecteur YouTube\"  allow=\"fullscreen; accelerometer; autoplay; clipboard-write; encrypted-media; gyroscope; picture-in-picture; web-share\" referrerpolicy=\"strict-origin-when-cross-origin\" allowfullscreen data-no-lazy=\"1\" data-skipgform_ajax_framebjll=\"\"><\/iframe><\/div>\n<\/div>\n<\/figure>\n<p><strong>AIMEZ-LE, PARTAGEZ-LE<\/strong><\/p>","protected":false},"featured_media":10451,"template":"","meta":{"_eb_attr":"","om_disable_all_campaigns":false,"_monsterinsights_skip_tracking":false,"_monsterinsights_sitenote_active":false,"_monsterinsights_sitenote_note":"","_monsterinsights_sitenote_category":0,"site-sidebar-layout":"default","site-content-layout":"","ast-site-content-layout":"default","site-content-style":"default","site-sidebar-style":"default","ast-global-header-display":"","ast-banner-title-visibility":"","ast-main-header-display":"","ast-hfb-above-header-display":"","ast-hfb-below-header-display":"","ast-hfb-mobile-header-display":"","site-post-title":"","ast-breadcrumbs-content":"","ast-featured-img":"","footer-sml-layout":"","ast-disable-related-posts":"","theme-transparent-header-meta":"default","adv-header-id-meta":"","stick-header-meta":"","header-above-stick-meta":"","header-main-stick-meta":"","header-below-stick-meta":"","astra-migrate-meta-layouts":"set","ast-page-background-enabled":"default","ast-page-background-meta":{"desktop":{"background-color":"var(--ast-global-color-4)","background-image":"","background-repeat":"repeat","background-position":"center center","background-size":"auto","background-attachment":"scroll","background-type":"","background-media":"","overlay-type":"","overlay-color":"","overlay-opacity":"","overlay-gradient":""},"tablet":{"background-color":"","background-image":"","background-repeat":"repeat","background-position":"center center","background-size":"auto","background-attachment":"scroll","background-type":"","background-media":"","overlay-type":"","overlay-color":"","overlay-opacity":"","overlay-gradient":""},"mobile":{"background-color":"","background-image":"","background-repeat":"repeat","background-position":"center center","background-size":"auto","background-attachment":"scroll","background-type":"","background-media":"","overlay-type":"","overlay-color":"","overlay-opacity":"","overlay-gradient":""}},"ast-content-background-meta":{"desktop":{"background-color":"var(--ast-global-color-5)","background-image":"","background-repeat":"repeat","background-position":"center center","background-size":"auto","background-attachment":"scroll","background-type":"","background-media":"","overlay-type":"","overlay-color":"","overlay-opacity":"","overlay-gradient":""},"tablet":{"background-color":"var(--ast-global-color-5)","background-image":"","background-repeat":"repeat","background-position":"center center","background-size":"auto","background-attachment":"scroll","background-type":"","background-media":"","overlay-type":"","overlay-color":"","overlay-opacity":"","overlay-gradient":""},"mobile":{"background-color":"var(--ast-global-color-5)","background-image":"","background-repeat":"repeat","background-position":"center center","background-size":"auto","background-attachment":"scroll","background-type":"","background-media":"","overlay-type":"","overlay-color":"","overlay-opacity":"","overlay-gradient":""}}},"product_brand":[],"product_cat":[29],"product_tag":[],"class_list":{"0":"post-10450","1":"product","2":"type-product","3":"status-publish","4":"has-post-thumbnail","6":"product_cat-bellavista","7":"desktop-align-left","8":"tablet-align-left","9":"mobile-align-left","11":"first","12":"instock","13":"shipping-taxable","14":"product-type-simple"},"aioseo_notices":[],"_links":{"self":[{"href":"https:\/\/libellebridal.com\/fr\/wp-json\/wp\/v2\/product\/10450","targetHints":{"allow":["GET"]}}],"collection":[{"href":"https:\/\/libellebridal.com\/fr\/wp-json\/wp\/v2\/product"}],"about":[{"href":"https:\/\/libellebridal.com\/fr\/wp-json\/wp\/v2\/types\/product"}],"version-history":[{"count":1,"href":"https:\/\/libellebridal.com\/fr\/wp-json\/wp\/v2\/product\/10450\/revisions"}],"predecessor-version":[{"id":17678,"href":"https:\/\/libellebridal.com\/fr\/wp-json\/wp\/v2\/product\/10450\/revisions\/17678"}],"wp:featuredmedia":[{"embeddable":true,"href":"https:\/\/libellebridal.com\/fr\/wp-json\/wp\/v2\/media\/10451"}],"wp:attachment":[{"href":"https:\/\/libellebridal.com\/fr\/wp-json\/wp\/v2\/media?parent=10450"}],"wp:term":[{"taxonomy":"product_brand","embeddable":true,"href":"https:\/\/libellebridal.com\/fr\/wp-json\/wp\/v2\/product_brand?post=10450"},{"taxonomy":"product_cat","embeddable":true,"href":"https:\/\/libellebridal.com\/fr\/wp-json\/wp\/v2\/product_cat?post=10450"},{"taxonomy":"product_tag","embeddable":true,"href":"https:\/\/libellebridal.com\/fr\/wp-json\/wp\/v2\/product_tag?post=10450"}],"curies":[{"name":"wp","href":"https:\/\/api.w.org\/{rel}","templated":true}]}}