{"id":10503,"date":"2021-04-19T09:26:35","date_gmt":"2021-04-19T09:26:35","guid":{"rendered":"https:\/\/libellebridal.com\/?post_type=product&#038;p=10503"},"modified":"2025-07-03T13:28:17","modified_gmt":"2025-07-03T13:28:17","slug":"ginata","status":"publish","type":"product","link":"https:\/\/libellebridal.com\/it\/wedding-dress\/ginata\/","title":{"rendered":"Ginata"},"content":{"rendered":"","protected":false},"excerpt":{"rendered":"<p><strong>DESCRIZIONE<br \/>\n<\/strong><span style=\"font-weight: 400;\">Ginata \u00e8 il connubio perfetto tra semplicit\u00e0 e glamour.  Questa tuta fit and flare \u00e8 l'alternativa perfetta a un abito da sposa tradizionale. Le linee pulite della tuta si abbinano perfettamente allo splendido corpetto lucido con applicazioni in pizzo con perline che scende sui fianchi. La tuta ha una profonda scollatura a V femminile e la schiena aperta. Con Ginata vi distinguerete sicuramente mentre percorrete la navata.\u00a0<\/span><\/p>\n<p><strong>COLORI DISPONIBILI<\/strong><br \/>\nNudo\/avorio<\/p>\n<figure class=\"wp-block-embed wp-block-embed-youtube is-type-video is-provider-youtube epyt-figure\">\n<div class=\"wp-block-embed__wrapper\">\n<div class=\"epyt-video-wrapper\"><iframe  id=\"_ytid_58075\"  width=\"800\" height=\"450\"  data-origwidth=\"800\" data-origheight=\"450\" src=\"https:\/\/www.youtube.com\/embed\/tpfF3H68ZEs?enablejsapi=1&#038;autoplay=0&#038;cc_load_policy=0&#038;cc_lang_pref=&#038;iv_load_policy=3&#038;loop=1&#038;playlist=tpfF3H68ZEs&#038;rel=0&#038;fs=1&#038;playsinline=0&#038;autohide=2&#038;theme=dark&#038;color=red&#038;controls=0&#038;disablekb=0&#038;\" class=\"__youtube_prefs__  no-lazyload\" title=\"Lettore YouTube\"  allow=\"fullscreen; accelerometer; autoplay; clipboard-write; encrypted-media; gyroscope; picture-in-picture; web-share\" referrerpolicy=\"strict-origin-when-cross-origin\" allowfullscreen data-no-lazy=\"1\" data-skipgform_ajax_framebjll=\"\"><\/iframe><\/div>\n<\/div>\n<\/figure>\n<p><strong>AMARLO, CONDIVIDERLO<\/strong><\/p>","protected":false},"featured_media":10505,"template":"","meta":{"_eb_attr":"","om_disable_all_campaigns":false,"_monsterinsights_skip_tracking":false,"_monsterinsights_sitenote_active":false,"_monsterinsights_sitenote_note":"","_monsterinsights_sitenote_category":0,"site-sidebar-layout":"default","site-content-layout":"","ast-site-content-layout":"default","site-content-style":"default","site-sidebar-style":"default","ast-global-header-display":"","ast-banner-title-visibility":"","ast-main-header-display":"","ast-hfb-above-header-display":"","ast-hfb-below-header-display":"","ast-hfb-mobile-header-display":"","site-post-title":"","ast-breadcrumbs-content":"","ast-featured-img":"","footer-sml-layout":"","ast-disable-related-posts":"","theme-transparent-header-meta":"default","adv-header-id-meta":"","stick-header-meta":"","header-above-stick-meta":"","header-main-stick-meta":"","header-below-stick-meta":"","astra-migrate-meta-layouts":"set","ast-page-background-enabled":"default","ast-page-background-meta":{"desktop":{"background-color":"var(--ast-global-color-4)","background-image":"","background-repeat":"repeat","background-position":"center center","background-size":"auto","background-attachment":"scroll","background-type":"","background-media":"","overlay-type":"","overlay-color":"","overlay-opacity":"","overlay-gradient":""},"tablet":{"background-color":"","background-image":"","background-repeat":"repeat","background-position":"center center","background-size":"auto","background-attachment":"scroll","background-type":"","background-media":"","overlay-type":"","overlay-color":"","overlay-opacity":"","overlay-gradient":""},"mobile":{"background-color":"","background-image":"","background-repeat":"repeat","background-position":"center center","background-size":"auto","background-attachment":"scroll","background-type":"","background-media":"","overlay-type":"","overlay-color":"","overlay-opacity":"","overlay-gradient":""}},"ast-content-background-meta":{"desktop":{"background-color":"var(--ast-global-color-5)","background-image":"","background-repeat":"repeat","background-position":"center center","background-size":"auto","background-attachment":"scroll","background-type":"","background-media":"","overlay-type":"","overlay-color":"","overlay-opacity":"","overlay-gradient":""},"tablet":{"background-color":"var(--ast-global-color-5)","background-image":"","background-repeat":"repeat","background-position":"center center","background-size":"auto","background-attachment":"scroll","background-type":"","background-media":"","overlay-type":"","overlay-color":"","overlay-opacity":"","overlay-gradient":""},"mobile":{"background-color":"var(--ast-global-color-5)","background-image":"","background-repeat":"repeat","background-position":"center center","background-size":"auto","background-attachment":"scroll","background-type":"","background-media":"","overlay-type":"","overlay-color":"","overlay-opacity":"","overlay-gradient":""}}},"product_brand":[],"product_cat":[29],"product_tag":[],"class_list":{"0":"post-10503","1":"product","2":"type-product","3":"status-publish","4":"has-post-thumbnail","6":"product_cat-bellavista","7":"desktop-align-left","8":"tablet-align-left","9":"mobile-align-left","11":"first","12":"instock","13":"shipping-taxable","14":"product-type-simple"},"aioseo_notices":[],"_links":{"self":[{"href":"https:\/\/libellebridal.com\/it\/wp-json\/wp\/v2\/product\/10503","targetHints":{"allow":["GET"]}}],"collection":[{"href":"https:\/\/libellebridal.com\/it\/wp-json\/wp\/v2\/product"}],"about":[{"href":"https:\/\/libellebridal.com\/it\/wp-json\/wp\/v2\/types\/product"}],"version-history":[{"count":1,"href":"https:\/\/libellebridal.com\/it\/wp-json\/wp\/v2\/product\/10503\/revisions"}],"predecessor-version":[{"id":17684,"href":"https:\/\/libellebridal.com\/it\/wp-json\/wp\/v2\/product\/10503\/revisions\/17684"}],"wp:featuredmedia":[{"embeddable":true,"href":"https:\/\/libellebridal.com\/it\/wp-json\/wp\/v2\/media\/10505"}],"wp:attachment":[{"href":"https:\/\/libellebridal.com\/it\/wp-json\/wp\/v2\/media?parent=10503"}],"wp:term":[{"taxonomy":"product_brand","embeddable":true,"href":"https:\/\/libellebridal.com\/it\/wp-json\/wp\/v2\/product_brand?post=10503"},{"taxonomy":"product_cat","embeddable":true,"href":"https:\/\/libellebridal.com\/it\/wp-json\/wp\/v2\/product_cat?post=10503"},{"taxonomy":"product_tag","embeddable":true,"href":"https:\/\/libellebridal.com\/it\/wp-json\/wp\/v2\/product_tag?post=10503"}],"curies":[{"name":"wp","href":"https:\/\/api.w.org\/{rel}","templated":true}]}}